{"id":35,"date":"2021-08-31T15:29:36","date_gmt":"2021-08-31T15:29:36","guid":{"rendered":"http:\/\/www.lookahead.pl\/?page_id=35"},"modified":"2024-05-13T07:52:13","modified_gmt":"2024-05-13T07:52:13","slug":"lookahead-pl-poznajmy-sie","status":"publish","type":"page","link":"https:\/\/www.lookahead.pl\/","title":{"rendered":"O nas"},"content":{"rendered":"\n<p class=\"has-text-align-center\">Look Ahead jest firm\u0105 specjalizuj\u0105c\u0105 si\u0119 w t\u0142umaczeniach i kompleksowej organizacji nauki j\u0119zyk\u00f3w obcych w firmach i instytucjach. W ci\u0105gu naszej wieloletniej obecno\u015bci na rynku (od 2004 r.), dzi\u0119ki rzetelnej pracy zyskali\u015bmy szacunek i zaufanie naszych Klient\u00f3w. Cechuje nas indywidualne podej\u015bcie. Staramy si\u0119, aby oferowane przez nas rozwi\u0105zania by\u0142y jak najbardziej dostosowane do Pa\u0144stwa potrzeb. Pomagamy pokona\u0107 bariery j\u0119zykowe wspomagaj\u0105c sukces naszych Klient\u00f3w na arenie mi\u0119dzynarodowej. Cechy, kt\u00f3re s\u0105 nasz\u0105 dum\u0105 to:<\/p>\n\n\n\n<ul class=\"wp-block-list\">\n<li>jako\u015b\u0107<\/li>\n\n\n\n<li>kreatywno\u015b\u0107<\/li>\n\n\n\n<li>niezawodno\u015b\u0107<\/li>\n\n\n\n<li>terminowo\u015b\u0107<\/li>\n\n\n\n<li>elastyczne podej\u015bcie<\/li>\n<\/ul>\n\n\n\n<p><\/p>\n","protected":false},"excerpt":{"rendered":"<p>Look Ahead jest firm\u0105 specjalizuj\u0105c\u0105 si\u0119 w t\u0142umaczeniach i kompleksowej organizacji nauki j\u0119zyk\u00f3w obcych w firmach i instytucjach. W ci\u0105gu naszej wieloletniej obecno\u015bci na rynku (od 2004 r.), dzi\u0119ki rzetelnej pracy zyskali\u015bmy szacunek i zaufanie naszych Klient\u00f3w. Cechuje nas indywidualne podej\u015bcie. Staramy si\u0119, aby oferowane przez nas rozwi\u0105zania by\u0142y jak najbardziej dostosowane do Pa\u0144stwa potrzeb. [&hellip;]<\/p>\n","protected":false},"author":1,"featured_media":0,"parent":0,"menu_order":0,"comment_status":"closed","ping_status":"closed","template":"","meta":{"footnotes":""},"class_list":["post-35","page","type-page","status-publish","hentry"],"_links":{"self":[{"href":"https:\/\/www.lookahead.pl\/index.php\/wp-json\/wp\/v2\/pages\/35","targetHints":{"allow":["GET"]}}],"collection":[{"href":"https:\/\/www.lookahead.pl\/index.php\/wp-json\/wp\/v2\/pages"}],"about":[{"href":"https:\/\/www.lookahead.pl\/index.php\/wp-json\/wp\/v2\/types\/page"}],"author":[{"embeddable":true,"href":"https:\/\/www.lookahead.pl\/index.php\/wp-json\/wp\/v2\/users\/1"}],"replies":[{"embeddable":true,"href":"https:\/\/www.lookahead.pl\/index.php\/wp-json\/wp\/v2\/comments?post=35"}],"version-history":[{"count":18,"href":"https:\/\/www.lookahead.pl\/index.php\/wp-json\/wp\/v2\/pages\/35\/revisions"}],"predecessor-version":[{"id":4716,"href":"https:\/\/www.lookahead.pl\/index.php\/wp-json\/wp\/v2\/pages\/35\/revisions\/4716"}],"wp:attachment":[{"href":"https:\/\/www.lookahead.pl\/index.php\/wp-json\/wp\/v2\/media?parent=35"}],"curies":[{"name":"wp","href":"https:\/\/api.w.org\/{rel}","templated":true}]}}