{"id":181,"date":"2022-01-08T08:53:19","date_gmt":"2022-01-08T08:53:19","guid":{"rendered":"https:\/\/www.lookahead.pl\/?page_id=181"},"modified":"2025-02-13T10:34:55","modified_gmt":"2025-02-13T10:34:55","slug":"tlumaczenia-literackie","status":"publish","type":"page","link":"https:\/\/www.lookahead.pl\/index.php\/tlumaczenia-literackie\/","title":{"rendered":"T\u0142umaczenia literackie"},"content":{"rendered":"\n<div class=\"wp-block-group is-nowrap is-layout-flex wp-container-core-group-is-layout-6c531013 wp-block-group-is-layout-flex\"><\/div>\n\n\n\n<h3 class=\"wp-block-heading has-text-align-center\">T\u0142umaczenia literatury zwi\u0105zanej z kultur\u0105 Chin<\/h3>\n\n\n\n<div style=\"height:100px\" aria-hidden=\"true\" class=\"wp-block-spacer\"><\/div>\n\n\n\n<figure class=\"wp-block-image alignwide size-full\"><img loading=\"lazy\" decoding=\"async\" width=\"755\" height=\"422\" src=\"https:\/\/www.lookahead.pl\/wp-content\/uploads\/2022\/01\/zdjecie-z-ksiazkami.png\" alt=\"\" class=\"wp-image-182\" srcset=\"https:\/\/www.lookahead.pl\/wp-content\/uploads\/2022\/01\/zdjecie-z-ksiazkami.png 755w, https:\/\/www.lookahead.pl\/wp-content\/uploads\/2022\/01\/zdjecie-z-ksiazkami-300x168.png 300w\" sizes=\"auto, (max-width: 755px) 100vw, 755px\" \/><\/figure>\n\n\n\n<p class=\"has-text-align-center\">Dzi\u0119ki wsp\u00f3\u0142pracy z Wydawnictwem Marsza\u0142ek mieli\u015bmy okazj\u0119 pracowa\u0107 przy projekcie t\u0142umaczenia literatury promuj\u0105cej kultur\u0119 Chin.&nbsp;W sumie przet\u0142umaczyli\u015bmy ponad 1000 stron! Ksi\u0105\u017cki, kt\u00f3re powsta\u0142y przy naszym udziale to :<\/p>\n\n\n\n<p class=\"has-text-align-center\">&#8222;Historia chi\u0144skiego ubioru&#8221;;<\/p>\n\n\n\n<p class=\"has-text-align-center\">&#8222;Legenda o bia\u0142ym w\u0119\u017cu&#8221;;<\/p>\n\n\n\n<p class=\"has-text-align-center\">&#8222;Wielka maskarada i Inne historie wzi\u0119te z \u017cycia w mie\u015bcie&#8221;;<\/p>\n\n\n\n<p class=\"has-text-align-center\">&#8222;Tajemnicza ma\u0142pka&#8221;;<\/p>\n\n\n\n<p class=\"has-text-align-center\">&#8222;Po bitwach kr\u00f3l jeleni dochodzi do w\u0142adzy&#8221;;<\/p>\n\n\n\n<p class=\"has-text-align-center\">&#8222;Historia rzeki Jangcy&#8221;<\/p>\n\n\n\n<p class=\"has-text-align-center\">I w ko\u0144cu ksi\u0105\u017cka w kategorii nauk spo\u0142ecznych pt. &#8222;Przemiany \u017cycia spo\u0142ecznego w Chinach&#8221;.<\/p>\n\n\n\n<div style=\"height:100px\" aria-hidden=\"true\" class=\"wp-block-spacer\"><\/div>\n\n\n\n<div style=\"height:100px\" aria-hidden=\"true\" class=\"wp-block-spacer\"><\/div>\n\n\n\n<p><\/p>\n","protected":false},"excerpt":{"rendered":"<p>T\u0142umaczenia literatury zwi\u0105zanej z kultur\u0105 Chin Dzi\u0119ki wsp\u00f3\u0142pracy z Wydawnictwem Marsza\u0142ek mieli\u015bmy okazj\u0119 pracowa\u0107 przy projekcie t\u0142umaczenia literatury promuj\u0105cej kultur\u0119 Chin.&nbsp;W sumie przet\u0142umaczyli\u015bmy ponad 1000 stron! Ksi\u0105\u017cki, kt\u00f3re powsta\u0142y przy naszym udziale to : &#8222;Historia chi\u0144skiego ubioru&#8221;; &#8222;Legenda o bia\u0142ym w\u0119\u017cu&#8221;; &#8222;Wielka maskarada i Inne historie wzi\u0119te z \u017cycia w mie\u015bcie&#8221;; &#8222;Tajemnicza ma\u0142pka&#8221;; &#8222;Po bitwach [&hellip;]<\/p>\n","protected":false},"author":1,"featured_media":0,"parent":0,"menu_order":3,"comment_status":"closed","ping_status":"closed","template":"","meta":{"footnotes":""},"class_list":["post-181","page","type-page","status-publish","hentry"],"_links":{"self":[{"href":"https:\/\/www.lookahead.pl\/index.php\/wp-json\/wp\/v2\/pages\/181","targetHints":{"allow":["GET"]}}],"collection":[{"href":"https:\/\/www.lookahead.pl\/index.php\/wp-json\/wp\/v2\/pages"}],"about":[{"href":"https:\/\/www.lookahead.pl\/index.php\/wp-json\/wp\/v2\/types\/page"}],"author":[{"embeddable":true,"href":"https:\/\/www.lookahead.pl\/index.php\/wp-json\/wp\/v2\/users\/1"}],"replies":[{"embeddable":true,"href":"https:\/\/www.lookahead.pl\/index.php\/wp-json\/wp\/v2\/comments?post=181"}],"version-history":[{"count":12,"href":"https:\/\/www.lookahead.pl\/index.php\/wp-json\/wp\/v2\/pages\/181\/revisions"}],"predecessor-version":[{"id":4733,"href":"https:\/\/www.lookahead.pl\/index.php\/wp-json\/wp\/v2\/pages\/181\/revisions\/4733"}],"wp:attachment":[{"href":"https:\/\/www.lookahead.pl\/index.php\/wp-json\/wp\/v2\/media?parent=181"}],"curies":[{"name":"wp","href":"https:\/\/api.w.org\/{rel}","templated":true}]}}